{"id":82,"date":"2024-12-22T20:08:28","date_gmt":"2024-12-22T20:08:28","guid":{"rendered":"https:\/\/www.seir.no\/?page_id=82"},"modified":"2024-12-24T03:33:53","modified_gmt":"2024-12-24T03:33:53","slug":"artene-vi-fisker-pa","status":"publish","type":"page","link":"https:\/\/www.seir.no\/?page_id=82","title":{"rendered":"Artene vi fisker p\u00e5"},"content":{"rendered":"<p>Her er eit lite utvalg og litt informasjon om dei ulike artene vi fisker p\u00e5, SEIR har kvoter p\u00e5 Torsk, Hyse, Bl\u00e5kveite, Lange og Brosme, men videre har vi ogs\u00e5 tillatelse til \u00e5 fiske og produsere ein rekke arter som finnes i Nord-Atlanteren, som dere ogs\u00e5 f\u00e5r informasjon om. SEIR levere fryst HG fisk, som vil seie at vi ikkje selger fisk direkte til forbruker, men v\u00e5re kunder kj\u00f8per r\u00e5stoff som blir benytta til \u00e5 produsere kvalitetsprodukter til konsum over heile verden, det er hovedsakelig produksjon av klippfisk og filet v\u00e5re produkter g\u00e5r til, og vi leverer til fleire store klippfisk og filet bedrifter langs kysten.<\/p>\n\n\n<figure class=\"wp-block-image size-large\"><img loading=\"lazy\" decoding=\"async\" width=\"1024\" height=\"762\" src=\"https:\/\/www.seir.no\/wp-content\/uploads\/2024\/12\/Lasterom1-1024x762.png\" alt=\"\" class=\"wp-image-8\" srcset=\"https:\/\/www.seir.no\/wp-content\/uploads\/2024\/12\/Lasterom1-1024x762.png 1024w, https:\/\/www.seir.no\/wp-content\/uploads\/2024\/12\/Lasterom1-300x223.png 300w, https:\/\/www.seir.no\/wp-content\/uploads\/2024\/12\/Lasterom1-768x572.png 768w, https:\/\/www.seir.no\/wp-content\/uploads\/2024\/12\/Lasterom1.png 1170w\" sizes=\"auto, (max-width: 1024px) 100vw, 1024px\" \/><\/figure>\n\n\n\n<p>Lasterommet v\u00e5rt, her blir fisken lagret p\u00e5 paller i eit kaldt og kontrollert milj\u00f8.\n\n<strong>Pakking:<\/strong>\n25 kg, \u00bd sekk\n50 kg 1\/1 sekk\n75 kg 1\/1 sekk<\/p>\n\n\n\n<figure class=\"wp-block-image size-full\"><img loading=\"lazy\" decoding=\"async\" width=\"1024\" height=\"768\" src=\"https:\/\/www.seir.no\/wp-content\/uploads\/2024\/12\/Torsk.jpg\" alt=\"\" class=\"wp-image-45\" srcset=\"https:\/\/www.seir.no\/wp-content\/uploads\/2024\/12\/Torsk.jpg 1024w, https:\/\/www.seir.no\/wp-content\/uploads\/2024\/12\/Torsk-300x225.jpg 300w, https:\/\/www.seir.no\/wp-content\/uploads\/2024\/12\/Torsk-768x576.jpg 768w\" sizes=\"auto, (max-width: 1024px) 100vw, 1024px\" \/><\/figure>\n\n\n\n<p><strong>Torsk<\/strong> Link til Havforskningsinstituttet: <a href=\"https:\/\/www.hi.no\/hi\/temasider\/arter\/torsk-nordaustarktisk-skrei\" target=\"_blank\" rel=\"noreferrer noopener\">https:\/\/www.hi.no\/hi\/temasider\/arter\/torsk-nordaustarktisk-skrei<\/a><br><br><br><br><\/p>\n\n\n\n<figure class=\"wp-block-image size-large\"><img loading=\"lazy\" decoding=\"async\" width=\"774\" height=\"1024\" src=\"https:\/\/www.seir.no\/wp-content\/uploads\/2024\/12\/Hyse-774x1024.jpg\" alt=\"\" class=\"wp-image-40\" srcset=\"https:\/\/www.seir.no\/wp-content\/uploads\/2024\/12\/Hyse-774x1024.jpg 774w, https:\/\/www.seir.no\/wp-content\/uploads\/2024\/12\/Hyse-227x300.jpg 227w, https:\/\/www.seir.no\/wp-content\/uploads\/2024\/12\/Hyse-768x1016.jpg 768w, https:\/\/www.seir.no\/wp-content\/uploads\/2024\/12\/Hyse-1161x1536.jpg 1161w, https:\/\/www.seir.no\/wp-content\/uploads\/2024\/12\/Hyse.jpg 1170w\" sizes=\"auto, (max-width: 774px) 100vw, 774px\" \/><\/figure>\n\n\n\n<p><strong>Hyse<\/strong> Link til Havforskningsinstituttet: <a href=\"https:\/\/www.hi.no\/hi\/temasider\/arter\/hyse\/nordostarktisk-hyse\" target=\"_blank\" rel=\"noreferrer noopener\">https:\/\/www.hi.no\/hi\/temasider\/arter\/hyse\/nordostarktisk-hyse<\/a><br><br><br><br><\/p>\n\n\n\n<figure class=\"wp-block-image size-large\"><img loading=\"lazy\" decoding=\"async\" width=\"1024\" height=\"594\" src=\"https:\/\/www.seir.no\/wp-content\/uploads\/2024\/12\/Lange-1024x594.jpg\" alt=\"\" class=\"wp-image-42\" srcset=\"https:\/\/www.seir.no\/wp-content\/uploads\/2024\/12\/Lange-1024x594.jpg 1024w, https:\/\/www.seir.no\/wp-content\/uploads\/2024\/12\/Lange-300x174.jpg 300w, https:\/\/www.seir.no\/wp-content\/uploads\/2024\/12\/Lange-768x445.jpg 768w, https:\/\/www.seir.no\/wp-content\/uploads\/2024\/12\/Lange.jpg 1200w\" sizes=\"auto, (max-width: 1024px) 100vw, 1024px\" \/><\/figure>\n\n\n\n<p><strong>Lange<\/strong> Link til Havforskningsinstituttet: <a href=\"https:\/\/www.hi.no\/hi\/temasider\/arter\/lange\" target=\"_blank\" rel=\"noreferrer noopener\">https:\/\/www.hi.no\/hi\/temasider\/arter\/lange<\/a><br><br><br><br><\/p>\n\n\n\n<figure class=\"wp-block-image size-large\"><img loading=\"lazy\" decoding=\"async\" width=\"1024\" height=\"594\" src=\"https:\/\/www.seir.no\/wp-content\/uploads\/2024\/12\/Brosme-1024x594.jpg\" alt=\"\" class=\"wp-image-39\" srcset=\"https:\/\/www.seir.no\/wp-content\/uploads\/2024\/12\/Brosme-1024x594.jpg 1024w, https:\/\/www.seir.no\/wp-content\/uploads\/2024\/12\/Brosme-300x174.jpg 300w, https:\/\/www.seir.no\/wp-content\/uploads\/2024\/12\/Brosme-768x445.jpg 768w, https:\/\/www.seir.no\/wp-content\/uploads\/2024\/12\/Brosme.jpg 1200w\" sizes=\"auto, (max-width: 1024px) 100vw, 1024px\" \/><\/figure>\n\n\n\n<p><strong>Brosme<\/strong> Link til havforskningsinstituttet: <a href=\"https:\/\/www.hi.no\/hi\/temasider\/arter\/brosme\" target=\"_blank\" rel=\"noreferrer noopener\">https:\/\/www.hi.no\/hi\/temasider\/arter\/brosme<\/a><br><br><br><br><\/p>\n\n\n\n<figure class=\"wp-block-image size-full\"><img loading=\"lazy\" decoding=\"async\" width=\"825\" height=\"372\" src=\"https:\/\/www.seir.no\/wp-content\/uploads\/2024\/12\/Blakveite.jpg\" alt=\"\" class=\"wp-image-38\" srcset=\"https:\/\/www.seir.no\/wp-content\/uploads\/2024\/12\/Blakveite.jpg 825w, https:\/\/www.seir.no\/wp-content\/uploads\/2024\/12\/Blakveite-300x135.jpg 300w, https:\/\/www.seir.no\/wp-content\/uploads\/2024\/12\/Blakveite-768x346.jpg 768w\" sizes=\"auto, (max-width: 825px) 100vw, 825px\" \/><\/figure>\n\n\n\n<p><strong>Bl\u00e5kveite<\/strong> Link til Havforskningsinstituttet: <a href=\"https:\/\/www.hi.no\/hi\/temasider\/arter\/nordostarktisk-blakveite\" target=\"_blank\" rel=\"noreferrer noopener\">https:\/\/www.hi.no\/hi\/temasider\/arter\/nordostarktisk-blakveite<\/a><br><br><br><br><\/p>\n\n\n\n<figure class=\"wp-block-image size-large\"><img loading=\"lazy\" decoding=\"async\" width=\"1024\" height=\"571\" src=\"https:\/\/www.seir.no\/wp-content\/uploads\/2024\/12\/Kveite-1024x571.jpeg\" alt=\"\" class=\"wp-image-41\" srcset=\"https:\/\/www.seir.no\/wp-content\/uploads\/2024\/12\/Kveite-1024x571.jpeg 1024w, https:\/\/www.seir.no\/wp-content\/uploads\/2024\/12\/Kveite-300x167.jpeg 300w, https:\/\/www.seir.no\/wp-content\/uploads\/2024\/12\/Kveite-768x428.jpeg 768w, https:\/\/www.seir.no\/wp-content\/uploads\/2024\/12\/Kveite.jpeg 1200w\" sizes=\"auto, (max-width: 1024px) 100vw, 1024px\" \/><\/figure>\n\n\n\n<p><strong>Kveite<\/strong> Link til havforskningsinstituttet: <a href=\"https:\/\/www.hi.no\/hi\/temasider\/arter\/atlantisk-kveite\" target=\"_blank\" rel=\"noreferrer noopener\">https:\/\/www.hi.no\/hi\/temasider\/arter\/atlantisk-kveite<\/a><br><br><br><br><\/p>\n\n\n\n<figure class=\"wp-block-image size-large\"><img loading=\"lazy\" decoding=\"async\" width=\"1024\" height=\"680\" src=\"https:\/\/www.seir.no\/wp-content\/uploads\/2024\/12\/Steinbit-scaled-1-1-1024x680.webp\" alt=\"\" class=\"wp-image-44\" srcset=\"https:\/\/www.seir.no\/wp-content\/uploads\/2024\/12\/Steinbit-scaled-1-1-1024x680.webp 1024w, https:\/\/www.seir.no\/wp-content\/uploads\/2024\/12\/Steinbit-scaled-1-1-300x199.webp 300w, https:\/\/www.seir.no\/wp-content\/uploads\/2024\/12\/Steinbit-scaled-1-1-768x510.webp 768w, https:\/\/www.seir.no\/wp-content\/uploads\/2024\/12\/Steinbit-scaled-1-1-1536x1021.webp 1536w, https:\/\/www.seir.no\/wp-content\/uploads\/2024\/12\/Steinbit-scaled-1-1-2048x1361.webp 2048w, https:\/\/www.seir.no\/wp-content\/uploads\/2024\/12\/Steinbit-scaled-1-1-272x182.webp 272w\" sizes=\"auto, (max-width: 1024px) 100vw, 1024px\" \/><\/figure>\n\n\n\n<p><strong>Steinbit<\/strong>\nLink til havforskningsinstituttet:\n<a href=\"https:\/\/www.hi.no\/hi\/temasider\/arter\/steinbit\" target=\"_blank\" rel=\"noreferrer noopener\">https:\/\/www.hi.no\/hi\/temasider\/arter\/steinbit<\/a><\/p>\n","protected":false},"excerpt":{"rendered":"<p>Her er eit lite utvalg og litt informasjon om dei ulike artene vi fisker p\u00e5, SEIR har kvoter p\u00e5 Torsk, Hyse, Bl\u00e5kveite, Lange og Brosme, men videre har vi ogs\u00e5 tillatelse til \u00e5 fiske og produsere ein rekke arter som finnes i Nord-Atlanteren, som dere ogs\u00e5 f\u00e5r informasjon om. SEIR levere fryst HG fisk, som [&hellip;]<\/p>\n","protected":false},"author":2,"featured_media":0,"parent":0,"menu_order":0,"comment_status":"closed","ping_status":"closed","template":"","meta":{"footnotes":""},"class_list":["post-82","page","type-page","status-publish","hentry","post"],"_links":{"self":[{"href":"https:\/\/www.seir.no\/index.php?rest_route=\/wp\/v2\/pages\/82","targetHints":{"allow":["GET"]}}],"collection":[{"href":"https:\/\/www.seir.no\/index.php?rest_route=\/wp\/v2\/pages"}],"about":[{"href":"https:\/\/www.seir.no\/index.php?rest_route=\/wp\/v2\/types\/page"}],"author":[{"embeddable":true,"href":"https:\/\/www.seir.no\/index.php?rest_route=\/wp\/v2\/users\/2"}],"replies":[{"embeddable":true,"href":"https:\/\/www.seir.no\/index.php?rest_route=%2Fwp%2Fv2%2Fcomments&post=82"}],"version-history":[{"count":4,"href":"https:\/\/www.seir.no\/index.php?rest_route=\/wp\/v2\/pages\/82\/revisions"}],"predecessor-version":[{"id":103,"href":"https:\/\/www.seir.no\/index.php?rest_route=\/wp\/v2\/pages\/82\/revisions\/103"}],"wp:attachment":[{"href":"https:\/\/www.seir.no\/index.php?rest_route=%2Fwp%2Fv2%2Fmedia&parent=82"}],"curies":[{"name":"wp","href":"https:\/\/api.w.org\/{rel}","templated":true}]}}