{"id":56,"date":"2024-12-22T18:40:20","date_gmt":"2024-12-22T18:40:20","guid":{"rendered":"https:\/\/www.seir.no\/?page_id=56"},"modified":"2024-12-22T18:40:34","modified_gmt":"2024-12-22T18:40:34","slug":"om-oss","status":"publish","type":"page","link":"https:\/\/www.seir.no\/?page_id=56","title":{"rendered":"Om oss"},"content":{"rendered":"<p><strong>Seir AS:<\/strong><\/p>\n<p>Vi er eit familierederi fr\u00e5 Grytastranda som har eksistert sidan 1919. Dagens eiere og drivere er tredje- og fjerdegenerasjon i rederiet. Line har vore redskap p\u00e5 alle b\u00e5tane, autoline p\u00e5 dei fire siste. P\u00e5 dei tre siste har det vore kun autoline og ikkje andre redskap. Fisker kvitfisk fr\u00e5 Newfoundland i vest til Petsjorahavet i aust.<\/p>\n\n\n<figure class=\"wp-block-image size-large\"><img loading=\"lazy\" decoding=\"async\" width=\"1024\" height=\"576\" src=\"https:\/\/www.seir.no\/wp-content\/uploads\/2024\/12\/SEIR-2018-1024x576.jpg\" alt=\"\" class=\"wp-image-28\" srcset=\"https:\/\/www.seir.no\/wp-content\/uploads\/2024\/12\/SEIR-2018-1024x576.jpg 1024w, https:\/\/www.seir.no\/wp-content\/uploads\/2024\/12\/SEIR-2018-300x169.jpg 300w, https:\/\/www.seir.no\/wp-content\/uploads\/2024\/12\/SEIR-2018-768x432.jpg 768w, https:\/\/www.seir.no\/wp-content\/uploads\/2024\/12\/SEIR-2018-1536x864.jpg 1536w, https:\/\/www.seir.no\/wp-content\/uploads\/2024\/12\/SEIR-2018.jpg 2048w\" sizes=\"auto, (max-width: 1024px) 100vw, 1024px\" \/><\/figure>\n","protected":false},"excerpt":{"rendered":"<p>Seir AS: Vi er eit familierederi fr\u00e5 Grytastranda som har eksistert sidan 1919. Dagens eiere og drivere er tredje- og fjerdegenerasjon i rederiet. Line har vore redskap p\u00e5 alle b\u00e5tane, autoline p\u00e5 dei fire siste. P\u00e5 dei tre siste har det vore kun autoline og ikkje andre redskap. Fisker kvitfisk fr\u00e5 Newfoundland i vest til [&hellip;]<\/p>\n","protected":false},"author":2,"featured_media":0,"parent":0,"menu_order":0,"comment_status":"closed","ping_status":"closed","template":"","meta":{"footnotes":""},"class_list":["post-56","page","type-page","status-publish","hentry","post"],"_links":{"self":[{"href":"https:\/\/www.seir.no\/index.php?rest_route=\/wp\/v2\/pages\/56","targetHints":{"allow":["GET"]}}],"collection":[{"href":"https:\/\/www.seir.no\/index.php?rest_route=\/wp\/v2\/pages"}],"about":[{"href":"https:\/\/www.seir.no\/index.php?rest_route=\/wp\/v2\/types\/page"}],"author":[{"embeddable":true,"href":"https:\/\/www.seir.no\/index.php?rest_route=\/wp\/v2\/users\/2"}],"replies":[{"embeddable":true,"href":"https:\/\/www.seir.no\/index.php?rest_route=%2Fwp%2Fv2%2Fcomments&post=56"}],"version-history":[{"count":2,"href":"https:\/\/www.seir.no\/index.php?rest_route=\/wp\/v2\/pages\/56\/revisions"}],"predecessor-version":[{"id":58,"href":"https:\/\/www.seir.no\/index.php?rest_route=\/wp\/v2\/pages\/56\/revisions\/58"}],"wp:attachment":[{"href":"https:\/\/www.seir.no\/index.php?rest_route=%2Fwp%2Fv2%2Fmedia&parent=56"}],"curies":[{"name":"wp","href":"https:\/\/api.w.org\/{rel}","templated":true}]}}