{"id":50,"date":"2024-12-22T18:35:43","date_gmt":"2024-12-22T18:35:43","guid":{"rendered":"https:\/\/www.seir.no\/?page_id=50"},"modified":"2026-04-27T14:12:07","modified_gmt":"2026-04-27T14:12:07","slug":"apenhetsloven","status":"publish","type":"page","link":"https:\/\/www.seir.no\/?page_id=50","title":{"rendered":"\u00c5penhetsloven"},"content":{"rendered":"\n<p><\/p>\n\n\n\n<p><strong>\u00c5penhetsloven 2025:<\/strong><\/p>\n\n\n\n<div class=\"wp-block-file\"><a id=\"wp-block-file--media-a13da73c-044c-46b5-8565-6ec8e27313d1\" href=\"https:\/\/www.seir.no\/wp-content\/uploads\/2026\/04\/Apenhetsloven-2025.pdf\">A\u030apenhetsloven 2025<\/a><a href=\"https:\/\/www.seir.no\/wp-content\/uploads\/2026\/04\/Apenhetsloven-2025.pdf\" class=\"wp-block-file__button wp-element-button\" download aria-describedby=\"wp-block-file--media-a13da73c-044c-46b5-8565-6ec8e27313d1\">Last ned<\/a><\/div>\n\n\n\n<p><strong>\u00c5penhetsloven 2024:<\/strong><\/p>\n\n\n\n<div class=\"wp-block-file\"><a id=\"wp-block-file--media-1bd26395-5f3f-41cf-8193-ed67a039fc9e\" href=\"https:\/\/www.seir.no\/wp-content\/uploads\/2026\/04\/Apenhetsloven-2024.pdf\">A\u030apenhetsloven 2024<\/a><a href=\"https:\/\/www.seir.no\/wp-content\/uploads\/2026\/04\/Apenhetsloven-2024.pdf\" class=\"wp-block-file__button wp-element-button\" download aria-describedby=\"wp-block-file--media-1bd26395-5f3f-41cf-8193-ed67a039fc9e\">Last ned<\/a><\/div>\n\n\n\n<p><strong>\u00c5penhetsloven 2023:<\/strong><\/p>\n\n\n\n<div class=\"wp-block-file\"><a id=\"wp-block-file--media-f28219d2-474b-4bb6-a8d1-5968bc28430e\" href=\"https:\/\/www.seir.no\/wp-content\/uploads\/2026\/04\/Apenhetsloven-2023.pdf\">A\u030apenhetsloven 2023<\/a><a href=\"https:\/\/www.seir.no\/wp-content\/uploads\/2026\/04\/Apenhetsloven-2023.pdf\" class=\"wp-block-file__button wp-element-button\" download aria-describedby=\"wp-block-file--media-f28219d2-474b-4bb6-a8d1-5968bc28430e\">Last ned<\/a><\/div>\n","protected":false},"excerpt":{"rendered":"<p>\u00c5penhetsloven 2025: \u00c5penhetsloven 2024: \u00c5penhetsloven 2023:<\/p>\n","protected":false},"author":2,"featured_media":0,"parent":0,"menu_order":0,"comment_status":"closed","ping_status":"closed","template":"","meta":{"footnotes":""},"class_list":["post-50","page","type-page","status-publish","hentry","post"],"_links":{"self":[{"href":"https:\/\/www.seir.no\/index.php?rest_route=\/wp\/v2\/pages\/50","targetHints":{"allow":["GET"]}}],"collection":[{"href":"https:\/\/www.seir.no\/index.php?rest_route=\/wp\/v2\/pages"}],"about":[{"href":"https:\/\/www.seir.no\/index.php?rest_route=\/wp\/v2\/types\/page"}],"author":[{"embeddable":true,"href":"https:\/\/www.seir.no\/index.php?rest_route=\/wp\/v2\/users\/2"}],"replies":[{"embeddable":true,"href":"https:\/\/www.seir.no\/index.php?rest_route=%2Fwp%2Fv2%2Fcomments&post=50"}],"version-history":[{"count":12,"href":"https:\/\/www.seir.no\/index.php?rest_route=\/wp\/v2\/pages\/50\/revisions"}],"predecessor-version":[{"id":150,"href":"https:\/\/www.seir.no\/index.php?rest_route=\/wp\/v2\/pages\/50\/revisions\/150"}],"wp:attachment":[{"href":"https:\/\/www.seir.no\/index.php?rest_route=%2Fwp%2Fv2%2Fmedia&parent=50"}],"curies":[{"name":"wp","href":"https:\/\/api.w.org\/{rel}","templated":true}]}}